{"id":3,"date":"2024-07-08T12:48:01","date_gmt":"2024-07-08T12:48:01","guid":{"rendered":"https:\/\/prapretopsi.com.br\/dev\/?page_id=3"},"modified":"2024-08-14T07:29:21","modified_gmt":"2024-08-14T10:29:21","slug":"politica-de-privacidade","status":"publish","type":"page","link":"https:\/\/prapretopsi.com.br\/dev\/politica-de-privacidade\/","title":{"rendered":"Pol\u00edtica de Privacidade"},"content":{"rendered":"\t\t<div data-elementor-type=\"wp-page\" data-elementor-id=\"3\" class=\"elementor elementor-3\" data-elementor-post-type=\"page\">\n\t\t\t\t<div class=\"elementor-element elementor-element-f211480 e-flex e-con-boxed e-con e-parent\" data-id=\"f211480\" data-element_type=\"container\" data-settings=\"{&quot;background_background&quot;:&quot;classic&quot;,&quot;jet_parallax_layout_list&quot;:[]}\">\n\t\t\t\t\t<div class=\"e-con-inner\">\n\t\t<div class=\"elementor-element elementor-element-5581ecc e-con-full e-flex e-con e-child\" data-id=\"5581ecc\" data-element_type=\"container\" data-settings=\"{&quot;jet_parallax_layout_list&quot;:[]}\">\n\t\t\t\t<div class=\"elementor-element elementor-element-ca53169 elementor-widget elementor-widget-heading\" data-id=\"ca53169\" data-element_type=\"widget\" data-widget_type=\"heading.default\">\n\t\t\t\t<div class=\"elementor-widget-container\">\n\t\t\t<span class=\"elementor-heading-title elementor-size-default\">LGPD<\/span>\t\t<\/div>\n\t\t\t\t<\/div>\n\t\t\t\t<div class=\"elementor-element elementor-element-f1e9acd elementor-widget__width-initial elementor-widget-mobile__width-inherit elementor-widget elementor-widget-heading\" data-id=\"f1e9acd\" data-element_type=\"widget\" data-widget_type=\"heading.default\">\n\t\t\t\t<div class=\"elementor-widget-container\">\n\t\t\t<h1 class=\"elementor-heading-title elementor-size-default\">Aviso de Privacidade e Condi\u00e7\u00f5es de Uso para PraPretoPsi<\/h1>\t\t<\/div>\n\t\t\t\t<\/div>\n\t\t\t\t<\/div>\n\t\t\t\t\t<\/div>\n\t\t\t\t<\/div>\n\t\t<main class=\"elementor-element elementor-element-5969927c e-flex e-con-boxed e-con e-parent\" data-id=\"5969927c\" data-element_type=\"container\" data-settings=\"{&quot;jet_parallax_layout_list&quot;:[]}\">\n\t\t\t\t\t<div class=\"e-con-inner\">\n\t\t\t\t<div class=\"elementor-element elementor-element-74917a3 elementor-widget__width-initial elementor-widget elementor-widget-text-editor\" data-id=\"74917a3\" data-element_type=\"widget\" data-widget_type=\"text-editor.default\">\n\t\t\t\t<div class=\"elementor-widget-container\">\n\t\t\t\t\t\t\t<p><!-- wp:heading --><\/p>\n<p>Documento atualizado em 20 de julho de 2024.<br \/>\u2015<\/p>\n<h5><strong>Informa\u00e7\u00f5es Principais<\/strong><\/h5>\n<p><span style=\"font-weight: 400;\">Bem-vindo(a) \u00e0 Pol\u00edtica de Privacidade da comunidade <strong>PraPretoPsi<\/strong>. Somos uma comunidade dedicada a reunir profissionais pretos brasileiros da \u00e1rea de psicologia para oferecer assist\u00eancia \u00e0 sa\u00fade mental de pessoas e fam\u00edlias pretas.<\/span><\/p>\n<p>\u00a0<\/p>\n<p><span style=\"font-weight: 400;\">Este documento abrange nossas atividades de coleta de dados por meio de nossos canais, incluindo website, Servi\u00e7o de Atendimento e eventos.<\/span><\/p>\n<p>\u00a0<\/p>\n<p><span style=\"font-weight: 400;\">Caso voc\u00ea tenha alguma d\u00favida ou interesse em conversar conosco sobre qualquer quest\u00e3o relacionada aos seus dados pessoais, entre em contato com nossa equipe pelo e-mail: <a href=\"mailto:privacidade@prapretopsi.com.br\">privacidade@prapretopsi.com.br<\/a>.<\/span><\/p>\n<p>\u00a0<\/p>\n<h6><strong>\u00a0<\/strong><strong>Termos utilizados nesta pol\u00edtica<\/strong><\/h6>\n<p><span style=\"font-weight: 400;\">Antes de ler esta Pol\u00edtica, recomendamos que voc\u00ea conhe\u00e7a as defini\u00e7\u00f5es dos termos que usaremos:<\/span><\/p>\n<ul>\n<li style=\"font-weight: 400;\" aria-level=\"1\"><span style=\"font-weight: 400;\"><strong>Dados pessoais<\/strong>: informa\u00e7\u00f5es que permitem a sua identifica\u00e7\u00e3o, como nome, CPF, e-mail, telefone, entre outros.<\/span><\/li>\n<li style=\"font-weight: 400;\" aria-level=\"1\"><span style=\"font-weight: 400;\"><strong>Dados pessoais sens\u00edveis<\/strong>: dados relacionados \u00e0 origem racial ou \u00e9tnica, convic\u00e7\u00e3o religiosa, opini\u00e3o pol\u00edtica, filia\u00e7\u00e3o a sindicato ou organiza\u00e7\u00e3o de car\u00e1ter religioso, filos\u00f3fico ou pol\u00edtico, dado referente \u00e0 sa\u00fade ou \u00e0 vida sexual, dado gen\u00e9tico ou biom\u00e9trico, quando vinculados a voc\u00ea.<\/span><\/li>\n<li style=\"font-weight: 400;\" aria-level=\"1\"><span style=\"font-weight: 400;\"><span style=\"font-weight: 400;\"><strong>Tratamento de dados pessoais<\/strong>: qualquer opera\u00e7\u00e3o, como coleta, produ\u00e7\u00e3o, recep\u00e7\u00e3o, classifica\u00e7\u00e3o, utiliza\u00e7\u00e3o, acesso, reprodu\u00e7\u00e3o, transmiss\u00e3o, distribui\u00e7\u00e3o, processamento, arquivamento, armazenamento, elimina\u00e7\u00e3o, avalia\u00e7\u00e3o ou controle da informa\u00e7\u00e3o, modifica\u00e7\u00e3o, comunica\u00e7\u00e3o, transfer\u00eancia, difus\u00e3o ou extra\u00e7\u00e3o, realizada com dados pessoais.<\/span><\/span>\n<p>\u00a0<\/p>\n<\/li>\n<\/ul>\n<h6><strong>\u00a0<\/strong><strong>Que dados coletamos e quando coletamos<\/strong><\/h6>\n<p><span style=\"font-weight: 400;\">Coletamos seus dados por meio dos seguintes canais:<\/span><\/p>\n<ul>\n<li style=\"font-weight: 400;\" aria-level=\"1\"><span style=\"font-weight: 400;\"><strong>Website da PraPretoPsi<\/strong>: informa\u00e7\u00f5es fornecidas ao se cadastrar ou navegar no site.<\/span><\/li>\n<li style=\"font-weight: 400;\" aria-level=\"1\"><span style=\"font-weight: 400;\"><strong>E-mail, mensagens de texto e outras mensagens eletr\u00f4nicas<\/strong>: intera\u00e7\u00f5es realizadas conosco.<\/span><\/li>\n<li style=\"font-weight: 400;\" aria-level=\"1\"><span style=\"font-weight: 400;\"><strong>Formul\u00e1rios de registro off-line<\/strong>: informa\u00e7\u00f5es fornecidas em eventos e feiras.<\/span><\/li>\n<li style=\"font-weight: 400;\" aria-level=\"1\"><span style=\"font-weight: 400;\"><strong>Intera\u00e7\u00f5es com nossos an\u00fancios<\/strong>: informa\u00e7\u00f5es recebidas sobre suas intera\u00e7\u00f5es com nossos an\u00fancios em sites de terceiros.<\/span><\/li>\n<\/ul>\n<p><span style=\"font-weight: 400;\">\u00a0<\/span><\/p>\n<p><span style=\"font-weight: 400;\">N\u00e3o coletamos ou armazenamos informa\u00e7\u00f5es desnecess\u00e1rias. Utilizamos seus dados para as seguintes finalidades:<\/span><\/p>\n<ul>\n<li style=\"font-weight: 400;\" aria-level=\"1\"><span style=\"font-weight: 400;\"><strong>Portal de contato<\/strong>: responder a questionamentos, reclama\u00e7\u00f5es e solicita\u00e7\u00f5es.<\/span><\/li>\n<li style=\"font-weight: 400;\" aria-level=\"1\"><span style=\"font-weight: 400;\"><strong>Comunica\u00e7\u00f5es direcionadas<\/strong>: fornecer informa\u00e7\u00f5es sobre servi\u00e7os e campanhas.<\/span><\/li>\n<li style=\"font-weight: 400;\" aria-level=\"1\"><span style=\"font-weight: 400;\"><strong>Motivos Legais ou fus\u00e3o\/aquisi\u00e7\u00e3o<\/strong>: compartilhar dados em caso de fus\u00e3o, aquisi\u00e7\u00e3o ou cumprimento legal.<\/span><\/li>\n<\/ul>\n<h5>\u00a0<\/h5>\n<h6><strong>Compartilhamento de seus dados<\/strong><\/h6>\n<p><span style=\"font-weight: 400;\">Podemos compartilhar seus dados pessoais nas seguintes hip\u00f3teses:<\/span><\/p>\n<ul>\n<li style=\"font-weight: 400;\" aria-level=\"1\"><span style=\"font-weight: 400;\">Com autoridades judiciais, administrativas ou governamentais competentes, sempre que houver determina\u00e7\u00e3o legal, requerimento, requisi\u00e7\u00e3o ou ordem judicial;<\/span><\/li>\n<li style=\"font-weight: 400;\" aria-level=\"1\"><span style=\"font-weight: 400;\">De forma autom\u00e1tica, em caso de altera\u00e7\u00e3o do nosso quadro societ\u00e1rio, como no caso de fus\u00e3o, aquisi\u00e7\u00e3o ou incorpora\u00e7\u00e3o;<\/span><\/li>\n<li style=\"font-weight: 400;\" aria-level=\"1\"><span style=\"font-weight: 400;\">Quando requerido pela lei aplic\u00e1vel;<\/span><\/li>\n<li style=\"font-weight: 400;\" aria-level=\"1\"><span style=\"font-weight: 400;\">Com parceiros fornecedores de servi\u00e7os respons\u00e1veis pela administra\u00e7\u00e3o, guarda e seguran\u00e7a desses dados.<\/span><\/li>\n<\/ul>\n<p><span style=\"font-weight: 400;\">\u00a0<\/span><\/p>\n<p><span style=\"font-weight: 400;\">Ao compartilhar seus dados com nossos parceiros, seus dados podem ser transferidos para servidores fora do pa\u00eds (cloud computing). Garantimos que seus dados estar\u00e3o seguros, seja por garantias contratuais oferecidas por nossos parceiros, seja por legisla\u00e7\u00f5es reconhecidamente adequadas.<\/span><\/p>\n<h5>\u00a0<\/h5>\n<h6><strong>Tempo de guarda desses dados<\/strong><\/h6>\n<p><span style=\"font-weight: 400;\">Podemos manter seus dados conosco nas seguintes hip\u00f3teses:<\/span><\/p>\n<ul>\n<li style=\"font-weight: 400;\" aria-level=\"1\"><span style=\"font-weight: 400;\">Enquanto forem necess\u00e1rios para cumprir as finalidades descritas acima;<\/span><\/li>\n<li style=\"font-weight: 400;\" aria-level=\"1\"><span style=\"font-weight: 400;\">Enquanto durar uma obriga\u00e7\u00e3o legal ou regulat\u00f3ria que nos obrigue a manter os dados;<\/span><\/li>\n<li aria-level=\"1\"><span style=\"font-weight: 400;\">Pelo prazo legal do poss\u00edvel ajuizamento de demandas por ou contra a <\/span><b>PraPretoPsi<\/b><span style=\"font-weight: 400;\">.<\/span><\/li>\n<\/ul>\n<p><span style=\"font-weight: 400;\">\u00a0<\/span><\/p>\n<p><span style=\"font-weight: 400;\">Se qualquer uma das hip\u00f3teses acima n\u00e3o mais justificar a manuten\u00e7\u00e3o desses dados, iremos apag\u00e1-los completamente ou alter\u00e1-los de forma que seja imposs\u00edvel identific\u00e1-lo como titular do dado pessoal.<\/span><\/p>\n<h5><strong>\u00a0<\/strong><\/h5>\n<h6><strong>Seguran\u00e7a dos seus dados<\/strong><\/h6>\n<p><span style=\"font-weight: 400;\">A <strong>PraPretoPsi<\/strong> garante a prote\u00e7\u00e3o de seus dados por meio de medidas t\u00e9cnicas e operacionais adequadas. No entanto, nenhum sistema \u00e9 completamente seguro. Caso tome conhecimento de qualquer evento que possa colocar em risco seus dados, entre em contato conosco pelo e-mail: <a href=\"mailto:privacidade@prapretopsi.com.br\">privacidade@prapretopsi.com.br<\/a>.<\/span><\/p>\n<p>\u00a0<\/p>\n<p><span style=\"font-weight: 400;\">\u00c9 importante que voc\u00ea tamb\u00e9m adote cuidados, como:<\/span><\/p>\n<ul>\n<li style=\"font-weight: 400;\" aria-level=\"1\"><span style=\"font-weight: 400;\">Utilizar equipamentos e conex\u00f5es seguras;<\/span><\/li>\n<li style=\"font-weight: 400;\" aria-level=\"1\"><span style=\"font-weight: 400;\">Manter navegadores, sistemas operacionais e antiv\u00edrus atualizados;<\/span><\/li>\n<li aria-level=\"1\"><span style=\"font-weight: 400;\">N\u00e3o compartilhar dados enviados \u00e0 <\/span><b>PraPretoPsi<\/b><span style=\"font-weight: 400;\"> em outros sites;<\/span><\/li>\n<li style=\"font-weight: 400;\" aria-level=\"1\"><span style=\"font-weight: 400;\">Ficar atento ao dom\u00ednio de e-mail usado para comunica\u00e7\u00e3o conosco;<\/span><\/li>\n<li style=\"font-weight: 400;\" aria-level=\"1\"><span style=\"font-weight: 400;\">Manter suas informa\u00e7\u00f5es pessoais atualizadas.<\/span><\/li>\n<\/ul>\n<h5><strong>\u00a0<\/strong><\/h5>\n<p><strong>Utiliza\u00e7\u00e3o de cookies<\/strong><\/p>\n<p><span style=\"font-weight: 400;\">A <strong>PraPretoPsi<\/strong> utiliza cookies para coletar informa\u00e7\u00f5es durante a navega\u00e7\u00e3o no site. Essas informa\u00e7\u00f5es incluem o padr\u00e3o do seu navegador, endere\u00e7o IP e a\u00e7\u00f5es realizadas no site.<\/span><\/p>\n<h5>\u00a0<\/h5>\n<h6><strong>Cookies e tecnologias<\/strong><\/h6>\n<p><span style=\"font-weight: 400;\">Semelhantes ajudam a adaptar o site \u00e0s suas necessidades, al\u00e9m de detectar e prevenir amea\u00e7as de seguran\u00e7a. Se preferir, voc\u00ea pode desativar a fun\u00e7\u00e3o de cookies no navegador, mas algumas \u00e1reas do site podem n\u00e3o funcionar corretamente.<\/span><\/p>\n<h5><strong>\u00a0<\/strong><\/h5>\n<h6><strong>Seus direitos<\/strong><\/h6>\n<p><span style=\"font-weight: 400;\">Voc\u00ea tem os seguintes direitos em rela\u00e7\u00e3o aos seus dados pessoais:<\/span><\/p>\n<ul>\n<li style=\"font-weight: 400;\" aria-level=\"1\"><span style=\"font-weight: 400;\">Solicitar uma c\u00f3pia de seus dados pessoais mantidos em nossa base;<\/span><\/li>\n<li style=\"font-weight: 400;\" aria-level=\"1\"><span style=\"font-weight: 400;\">Solicitar a corre\u00e7\u00e3o de dados imprecisos ou desatualizados;<\/span><\/li>\n<li style=\"font-weight: 400;\" aria-level=\"1\"><span style=\"font-weight: 400;\">Solicitar a exclus\u00e3o de seus dados pessoais;<\/span><\/li>\n<li style=\"font-weight: 400;\" aria-level=\"1\"><span style=\"font-weight: 400;\">Solicitar a anonimiza\u00e7\u00e3o, bloqueio ou elimina\u00e7\u00e3o de dados excessivos ou tratados de forma contr\u00e1ria \u00e0 lei;<\/span><\/li>\n<li style=\"font-weight: 400;\" aria-level=\"1\"><span style=\"font-weight: 400;\">Retirar o consentimento para o processamento de dados pessoais a qualquer momento.<\/span><\/li>\n<\/ul>\n<p><span style=\"font-weight: 400;\">\u00a0<\/span><\/p>\n<p><span style=\"font-weight: 400;\">Alguns desses direitos podem n\u00e3o ser exercidos em determinadas situa\u00e7\u00f5es devido a obriga\u00e7\u00f5es legais da <\/span><b>PraPretoPsi<\/b><span style=\"font-weight: 400;\">. Em caso de d\u00favida sobre seus direitos, entre em contato conosco pelo e-mail: <a href=\"mailto:privacidade@prapretopsi.com.br\">privacidade@prapretopsi.com.br<\/a>.<\/span><\/p>\n<h5>\u00a0<\/h5>\n<h6><strong>Altera\u00e7\u00f5es nesta pol\u00edtica<\/strong><\/h6>\n<p><span style=\"font-weight: 400;\">Esta pol\u00edtica pode sofrer altera\u00e7\u00f5es. Recomendamos que voc\u00ea acesse este documento sempre que visitar nosso website. Informaremos qualquer altera\u00e7\u00e3o pelos canais de contato estabelecidos.<\/span><\/p>\n<p>\u00a0<\/p>\n<p><span style=\"font-weight: 400;\">Se o seu consentimento for necess\u00e1rio para a utiliza\u00e7\u00e3o dos dados, entraremos em contato antes de qualquer utiliza\u00e7\u00e3o.<\/span><\/p>\n<h5>\u00a0<\/h5>\n<h6><strong>Lei aplic\u00e1vel e foro<\/strong><\/h6>\n<p><span style=\"font-weight: 400;\">Esta Pol\u00edtica de Privacidade \u00e9 regida pelas leis da Rep\u00fablica Federativa do Brasil. Qualquer disputa ser\u00e1 resolvida no foro da comarca de Salvador, BA.<\/span><\/p>\n<h5><strong>\u00a0<\/strong><\/h5>\n<h6><strong>D\u00favidas e esclarecimentos<\/strong><\/h6>\n<p><span style=\"font-weight: 400;\">Se ap\u00f3s a leitura deste documento voc\u00ea ainda tiver d\u00favidas ou precisar de esclarecimentos, estamos \u00e0 disposi\u00e7\u00e3o pelo e-mail: <a href=\"mailto:privacidade@prapretopsi.com.br\">privacidade@prapretopsi.com.br<\/a>.<\/span><\/p>\n<p><!-- \/wp:paragraph --><\/p>\t\t\t\t\t\t<\/div>\n\t\t\t\t<\/div>\n\t\t\t\t\t<\/div>\n\t\t\t\t<\/main>\n\t\t\t\t<\/div>\n\t\t","protected":false},"excerpt":{"rendered":"<p>LGPD Aviso de Privacidade e Condi\u00e7\u00f5es de Uso para PraPretoPsi Documento atualizado em 20 de julho de 2024.\u2015 Informa\u00e7\u00f5es Principais Bem-vindo(a) \u00e0 Pol\u00edtica de Privacidade da comunidade PraPretoPsi. Somos uma comunidade dedicada a reunir profissionais pretos brasileiros da \u00e1rea de psicologia para oferecer assist\u00eancia \u00e0 sa\u00fade mental de pessoas e fam\u00edlias pretas. \u00a0 Este documento [&hellip;]<\/p>\n","protected":false},"author":1,"featured_media":0,"parent":0,"menu_order":0,"comment_status":"closed","ping_status":"closed","template":"","meta":{"_seopress_robots_primary_cat":"","_seopress_titles_title":"","_seopress_titles_desc":"","_seopress_robots_index":"","footnotes":""},"class_list":["post-3","page","type-page","status-publish","hentry"],"_links":{"self":[{"href":"https:\/\/prapretopsi.com.br\/dev\/wp-json\/wp\/v2\/pages\/3"}],"collection":[{"href":"https:\/\/prapretopsi.com.br\/dev\/wp-json\/wp\/v2\/pages"}],"about":[{"href":"https:\/\/prapretopsi.com.br\/dev\/wp-json\/wp\/v2\/types\/page"}],"author":[{"embeddable":true,"href":"https:\/\/prapretopsi.com.br\/dev\/wp-json\/wp\/v2\/users\/1"}],"replies":[{"embeddable":true,"href":"https:\/\/prapretopsi.com.br\/dev\/wp-json\/wp\/v2\/comments?post=3"}],"version-history":[{"count":31,"href":"https:\/\/prapretopsi.com.br\/dev\/wp-json\/wp\/v2\/pages\/3\/revisions"}],"predecessor-version":[{"id":968,"href":"https:\/\/prapretopsi.com.br\/dev\/wp-json\/wp\/v2\/pages\/3\/revisions\/968"}],"wp:attachment":[{"href":"https:\/\/prapretopsi.com.br\/dev\/wp-json\/wp\/v2\/media?parent=3"}],"curies":[{"name":"wp","href":"https:\/\/api.w.org\/{rel}","templated":true}]}}